{"id":1506,"date":"2024-09-04T14:42:29","date_gmt":"2024-09-04T12:42:29","guid":{"rendered":"https:\/\/dufourbenjamin.com\/music\/?page_id=1506"},"modified":"2025-01-22T21:10:06","modified_gmt":"2025-01-22T20:10:06","slug":"design","status":"publish","type":"page","link":"https:\/\/dufourbenjamin.com\/music\/design\/","title":{"rendered":"Design"},"content":{"rendered":"\t\t<div data-elementor-type=\"wp-page\" data-elementor-id=\"1506\" class=\"elementor elementor-1506\">\n\t\t\t\t\t\t<section class=\"elementor-section elementor-top-section elementor-element elementor-element-4e21a618 elementor-section-full_width elementor-section-height-default elementor-section-height-default\" data-id=\"4e21a618\" data-element_type=\"section\">\n\t\t\t\t\t\t<div class=\"elementor-container elementor-column-gap-default\">\n\t\t\t\t\t<div class=\"elementor-column elementor-col-100 elementor-top-column elementor-element elementor-element-307cc601\" data-id=\"307cc601\" data-element_type=\"column\">\n\t\t\t<div class=\"elementor-widget-wrap elementor-element-populated\">\n\t\t\t\t\t\t<div class=\"elementor-element elementor-element-77ff0a63 elementor-widget elementor-widget-spacer\" data-id=\"77ff0a63\" data-element_type=\"widget\" data-widget_type=\"spacer.default\">\n\t\t\t\t<div class=\"elementor-widget-container\">\n\t\t\t\t\t\t\t<div class=\"elementor-spacer\">\n\t\t\t<div class=\"elementor-spacer-inner\"><\/div>\n\t\t<\/div>\n\t\t\t\t\t\t<\/div>\n\t\t\t\t<\/div>\n\t\t\t\t\t<\/div>\n\t\t<\/div>\n\t\t\t\t\t<\/div>\n\t\t<\/section>\n\t\t\t\t<section class=\"elementor-section elementor-top-section elementor-element elementor-element-43c70526 elementor-section-full_width elementor-section-content-top elementor-section-height-default elementor-section-height-default\" data-id=\"43c70526\" data-element_type=\"section\" data-settings=\"{&quot;background_background&quot;:&quot;classic&quot;}\">\n\t\t\t\t\t\t<div class=\"elementor-container elementor-column-gap-default\">\n\t\t\t\t\t<div class=\"elementor-column elementor-col-50 elementor-top-column elementor-element elementor-element-59904655\" data-id=\"59904655\" data-element_type=\"column\" data-settings=\"{&quot;animation&quot;:&quot;none&quot;,&quot;animation_delay&quot;:200}\">\n\t\t\t<div class=\"elementor-widget-wrap elementor-element-populated\">\n\t\t\t\t\t\t<div class=\"elementor-element elementor-element-59279e17 elementor-widget elementor-widget-image\" data-id=\"59279e17\" data-element_type=\"widget\" data-widget_type=\"image.default\">\n\t\t\t\t<div class=\"elementor-widget-container\">\n\t\t\t\t\t\t\t\t\t\t\t\t\t\t\t\t<a href=\"https:\/\/www.dufourbenjamin.com\/design\">\n\t\t\t\t\t\t\t<img loading=\"lazy\" decoding=\"async\" width=\"523\" height=\"940\" src=\"https:\/\/dufourbenjamin.com\/music\/wp-content\/plugins\/native-lazyload\/assets\/images\/placeholder.svg\" class=\"attachment-large size-large wp-image-1511 native-lazyload-js-fallback\" alt=\"screenshot design website\" loading=\"lazy\" data-src=\"https:\/\/dufourbenjamin.com\/music\/wp-content\/uploads\/sites\/3\/2024\/09\/dufour-benjamin-db-music-screenshot-design-web.jpg\" data-srcset=\"https:\/\/dufourbenjamin.com\/music\/wp-content\/uploads\/sites\/3\/2024\/09\/dufour-benjamin-db-music-screenshot-design-web.jpg 523w, https:\/\/dufourbenjamin.com\/music\/wp-content\/uploads\/sites\/3\/2024\/09\/dufour-benjamin-db-music-screenshot-design-web-167x300.jpg 167w, https:\/\/dufourbenjamin.com\/music\/wp-content\/uploads\/sites\/3\/2024\/09\/dufour-benjamin-db-music-screenshot-design-web-500x899.jpg 500w, https:\/\/dufourbenjamin.com\/music\/wp-content\/uploads\/sites\/3\/2024\/09\/dufour-benjamin-db-music-screenshot-design-web-300x539.jpg 300w, https:\/\/dufourbenjamin.com\/music\/wp-content\/uploads\/sites\/3\/2024\/09\/dufour-benjamin-db-music-screenshot-design-web-150x270.jpg 150w, https:\/\/dufourbenjamin.com\/music\/wp-content\/uploads\/sites\/3\/2024\/09\/dufour-benjamin-db-music-screenshot-design-web-20x36.jpg 20w\" data-sizes=\"(max-width: 523px) 100vw, 523px\" \/>\t\t\t\t\t\t\t\t<\/a>\n\t\t\t\t\t\t\t\t\t\t\t\t\t\t\t<\/div>\n\t\t\t\t<\/div>\n\t\t\t\t<div class=\"elementor-element elementor-element-7b8359fb elementor-widget elementor-widget-spacer\" data-id=\"7b8359fb\" data-element_type=\"widget\" data-widget_type=\"spacer.default\">\n\t\t\t\t<div class=\"elementor-widget-container\">\n\t\t\t\t\t\t\t<div class=\"elementor-spacer\">\n\t\t\t<div class=\"elementor-spacer-inner\"><\/div>\n\t\t<\/div>\n\t\t\t\t\t\t<\/div>\n\t\t\t\t<\/div>\n\t\t\t\t\t<\/div>\n\t\t<\/div>\n\t\t\t\t<div class=\"elementor-column elementor-col-50 elementor-top-column elementor-element elementor-element-71a75621\" data-id=\"71a75621\" data-element_type=\"column\" data-settings=\"{&quot;animation&quot;:&quot;none&quot;,&quot;animation_delay&quot;:100}\">\n\t\t\t<div class=\"elementor-widget-wrap elementor-element-populated\">\n\t\t\t\t\t\t<div class=\"elementor-element elementor-element-4d6b39a4 elementor-widget elementor-widget-text-editor\" data-id=\"4d6b39a4\" data-element_type=\"widget\" data-widget_type=\"text-editor.default\">\n\t\t\t\t<div class=\"elementor-widget-container\">\n\t\t\t\t\t\t\t\t\t<h6>Mobilier sur mesure &amp; design d&rsquo;int\u00e9rieur<\/h6>\t\t\t\t\t\t\t\t<\/div>\n\t\t\t\t<\/div>\n\t\t\t\t<div class=\"elementor-element elementor-element-611cc169 elementor-hidden-desktop elementor-hidden-tablet elementor-hidden-mobile elementor-widget elementor-widget-shortcode\" data-id=\"611cc169\" data-element_type=\"widget\" data-widget_type=\"shortcode.default\">\n\t\t\t\t<div class=\"elementor-widget-container\">\n\t\t\t\t\t\t\t<div class=\"elementor-shortcode\">[yoast-breadcrumb]<\/div>\n\t\t\t\t\t\t<\/div>\n\t\t\t\t<\/div>\n\t\t\t\t<div class=\"elementor-element elementor-element-6967ea3a elementor-widget elementor-widget-heading\" data-id=\"6967ea3a\" data-element_type=\"widget\" data-widget_type=\"heading.default\">\n\t\t\t\t<div class=\"elementor-widget-container\">\n\t\t\t\t\t<h2 class=\"elementor-heading-title elementor-size-default\">DESIGN WEBSITE<\/h2>\t\t\t\t<\/div>\n\t\t\t\t<\/div>\n\t\t\t\t<div class=\"elementor-element elementor-element-7387151c elementor-widget elementor-widget-spacer\" data-id=\"7387151c\" data-element_type=\"widget\" data-widget_type=\"spacer.default\">\n\t\t\t\t<div class=\"elementor-widget-container\">\n\t\t\t\t\t\t\t<div class=\"elementor-spacer\">\n\t\t\t<div class=\"elementor-spacer-inner\"><\/div>\n\t\t<\/div>\n\t\t\t\t\t\t<\/div>\n\t\t\t\t<\/div>\n\t\t\t\t<div class=\"elementor-element elementor-element-5aefbb3c elementor-widget elementor-widget-text-editor\" data-id=\"5aefbb3c\" data-element_type=\"widget\" data-widget_type=\"text-editor.default\">\n\t\t\t\t<div class=\"elementor-widget-container\">\n\t\t\t\t\t\t\t\t\t<p>Vous pouvez consulter l&rsquo;autre volet de ce site internet d\u00e9di\u00e9 au design et \u00e0 la fabrication de mobilier en suivant ce lien :<\/p>\t\t\t\t\t\t\t\t<\/div>\n\t\t\t\t<\/div>\n\t\t\t\t<div class=\"elementor-element elementor-element-18493d75 elementor-widget elementor-widget-spacer\" data-id=\"18493d75\" data-element_type=\"widget\" data-widget_type=\"spacer.default\">\n\t\t\t\t<div class=\"elementor-widget-container\">\n\t\t\t\t\t\t\t<div class=\"elementor-spacer\">\n\t\t\t<div class=\"elementor-spacer-inner\"><\/div>\n\t\t<\/div>\n\t\t\t\t\t\t<\/div>\n\t\t\t\t<\/div>\n\t\t\t\t<div class=\"elementor-element elementor-element-68d7ae0 elementor-align-left elementor-widget elementor-widget-button\" data-id=\"68d7ae0\" data-element_type=\"widget\" data-widget_type=\"button.default\">\n\t\t\t\t<div class=\"elementor-widget-container\">\n\t\t\t\t\t\t\t\t\t<div class=\"elementor-button-wrapper\">\n\t\t\t\t\t<a class=\"elementor-button elementor-button-link elementor-size-sm\" href=\"https:\/\/www.dufourbenjamin.com\/design\">\n\t\t\t\t\t\t<span class=\"elementor-button-content-wrapper\">\n\t\t\t\t\t\t\t\t\t<span class=\"elementor-button-text\">https:\/\/www.dufourbenjamin.com\/design<\/span>\n\t\t\t\t\t<\/span>\n\t\t\t\t\t<\/a>\n\t\t\t\t<\/div>\n\t\t\t\t\t\t\t\t<\/div>\n\t\t\t\t<\/div>\n\t\t\t\t\t<\/div>\n\t\t<\/div>\n\t\t\t\t\t<\/div>\n\t\t<\/section>\n\t\t\t\t<section class=\"elementor-section elementor-top-section elementor-element elementor-element-77ba0efc elementor-section-full_width elementor-section-height-default elementor-section-height-default\" data-id=\"77ba0efc\" data-element_type=\"section\">\n\t\t\t\t\t\t<div class=\"elementor-container elementor-column-gap-default\">\n\t\t\t\t\t<div class=\"elementor-column elementor-col-100 elementor-top-column elementor-element elementor-element-5a84987c\" data-id=\"5a84987c\" data-element_type=\"column\">\n\t\t\t<div class=\"elementor-widget-wrap elementor-element-populated\">\n\t\t\t\t\t\t<div class=\"elementor-element elementor-element-1f37bb43 elementor-widget elementor-widget-spacer\" data-id=\"1f37bb43\" data-element_type=\"widget\" data-widget_type=\"spacer.default\">\n\t\t\t\t<div class=\"elementor-widget-container\">\n\t\t\t\t\t\t\t<div class=\"elementor-spacer\">\n\t\t\t<div class=\"elementor-spacer-inner\"><\/div>\n\t\t<\/div>\n\t\t\t\t\t\t<\/div>\n\t\t\t\t<\/div>\n\t\t\t\t\t<\/div>\n\t\t<\/div>\n\t\t\t\t\t<\/div>\n\t\t<\/section>\n\t\t\t\t<\/div>\n\t\t","protected":false},"excerpt":{"rendered":"<p>Mobilier sur mesure &amp; design d&rsquo;int\u00e9rieur [yoast-breadcrumb] DESIGN WEBSITE Vous pouvez consulter l&rsquo;autre volet de ce site internet d\u00e9di\u00e9 au design et \u00e0 la fabrication de mobilier en suivant ce lien : Accueil<\/p>\n","protected":false},"author":1,"featured_media":1511,"parent":0,"menu_order":0,"comment_status":"closed","ping_status":"closed","template":"","meta":{"footnotes":""},"class_list":["post-1506","page","type-page","status-publish","has-post-thumbnail","hentry"],"yoast_head":"<!-- This site is optimized with the Yoast SEO plugin v26.7 - https:\/\/yoast.com\/wordpress\/plugins\/seo\/ -->\n<title>Design - Dufour Benjamin Music<\/title>\n<meta name=\"robots\" content=\"index, follow, max-snippet:-1, max-image-preview:large, max-video-preview:-1\" \/>\n<link rel=\"canonical\" href=\"https:\/\/dufourbenjamin.com\/music\/design\/\" \/>\n<meta property=\"og:locale\" content=\"fr_FR\" \/>\n<meta property=\"og:type\" content=\"article\" \/>\n<meta property=\"og:title\" content=\"Design - Dufour Benjamin Music\" \/>\n<meta property=\"og:description\" content=\"Mobilier sur mesure &amp; design d&rsquo;int\u00e9rieur [yoast-breadcrumb] DESIGN WEBSITE Vous pouvez consulter l&rsquo;autre volet de ce site internet d\u00e9di\u00e9 au design et \u00e0 la fabrication de mobilier en suivant ce lien : Accueil\" \/>\n<meta property=\"og:url\" content=\"https:\/\/dufourbenjamin.com\/music\/design\/\" \/>\n<meta property=\"og:site_name\" content=\"Dufour Benjamin Music\" \/>\n<meta property=\"article:publisher\" content=\"https:\/\/www.facebook.com\/bendufourmail\/\" \/>\n<meta property=\"article:modified_time\" content=\"2025-01-22T20:10:06+00:00\" \/>\n<meta property=\"og:image\" content=\"https:\/\/dufourbenjamin.com\/music\/wp-content\/uploads\/sites\/3\/2024\/09\/dufour-benjamin-db-music-screenshot-design-web.jpg\" \/>\n\t<meta property=\"og:image:width\" content=\"523\" \/>\n\t<meta property=\"og:image:height\" content=\"940\" \/>\n\t<meta property=\"og:image:type\" content=\"image\/jpeg\" \/>\n<meta name=\"twitter:label1\" content=\"Dur\u00e9e de lecture estim\u00e9e\" \/>\n\t<meta name=\"twitter:data1\" content=\"1 minute\" \/>\n<script type=\"application\/ld+json\" class=\"yoast-schema-graph\">{\"@context\":\"https:\/\/schema.org\",\"@graph\":[{\"@type\":\"WebPage\",\"@id\":\"https:\/\/dufourbenjamin.com\/music\/design\/\",\"url\":\"https:\/\/dufourbenjamin.com\/music\/design\/\",\"name\":\"Design - Dufour Benjamin Music\",\"isPartOf\":{\"@id\":\"https:\/\/dufourbenjamin.com\/music\/#website\"},\"primaryImageOfPage\":{\"@id\":\"https:\/\/dufourbenjamin.com\/music\/design\/#primaryimage\"},\"image\":{\"@id\":\"https:\/\/dufourbenjamin.com\/music\/design\/#primaryimage\"},\"thumbnailUrl\":\"https:\/\/dufourbenjamin.com\/music\/wp-content\/uploads\/sites\/3\/2024\/09\/dufour-benjamin-db-music-screenshot-design-web.jpg\",\"datePublished\":\"2024-09-04T12:42:29+00:00\",\"dateModified\":\"2025-01-22T20:10:06+00:00\",\"breadcrumb\":{\"@id\":\"https:\/\/dufourbenjamin.com\/music\/design\/#breadcrumb\"},\"inLanguage\":\"fr-FR\",\"potentialAction\":[{\"@type\":\"ReadAction\",\"target\":[\"https:\/\/dufourbenjamin.com\/music\/design\/\"]}]},{\"@type\":\"ImageObject\",\"inLanguage\":\"fr-FR\",\"@id\":\"https:\/\/dufourbenjamin.com\/music\/design\/#primaryimage\",\"url\":\"https:\/\/dufourbenjamin.com\/music\/wp-content\/uploads\/sites\/3\/2024\/09\/dufour-benjamin-db-music-screenshot-design-web.jpg\",\"contentUrl\":\"https:\/\/dufourbenjamin.com\/music\/wp-content\/uploads\/sites\/3\/2024\/09\/dufour-benjamin-db-music-screenshot-design-web.jpg\",\"width\":523,\"height\":940,\"caption\":\"screenshot design website\"},{\"@type\":\"BreadcrumbList\",\"@id\":\"https:\/\/dufourbenjamin.com\/music\/design\/#breadcrumb\",\"itemListElement\":[{\"@type\":\"ListItem\",\"position\":1,\"name\":\"Accueil\",\"item\":\"https:\/\/dufourbenjamin.com\/music\/\"},{\"@type\":\"ListItem\",\"position\":2,\"name\":\"Design\"}]},{\"@type\":\"WebSite\",\"@id\":\"https:\/\/dufourbenjamin.com\/music\/#website\",\"url\":\"https:\/\/dufourbenjamin.com\/music\/\",\"name\":\"Dufour Benjamin Music\",\"description\":\"recherches musicales et sonores\",\"publisher\":{\"@id\":\"https:\/\/dufourbenjamin.com\/music\/#organization\"},\"potentialAction\":[{\"@type\":\"SearchAction\",\"target\":{\"@type\":\"EntryPoint\",\"urlTemplate\":\"https:\/\/dufourbenjamin.com\/music\/?s={search_term_string}\"},\"query-input\":{\"@type\":\"PropertyValueSpecification\",\"valueRequired\":true,\"valueName\":\"search_term_string\"}}],\"inLanguage\":\"fr-FR\"},{\"@type\":\"Organization\",\"@id\":\"https:\/\/dufourbenjamin.com\/music\/#organization\",\"name\":\"Benjamin Dufour\",\"url\":\"https:\/\/dufourbenjamin.com\/music\/\",\"logo\":{\"@type\":\"ImageObject\",\"inLanguage\":\"fr-FR\",\"@id\":\"https:\/\/dufourbenjamin.com\/music\/#\/schema\/logo\/image\/\",\"url\":\"https:\/\/dufourbenjamin.com\/artwork\/wp-content\/uploads\/sites\/3\/2022\/02\/dufour-benjamin-db-logo.png\",\"contentUrl\":\"https:\/\/dufourbenjamin.com\/artwork\/wp-content\/uploads\/sites\/3\/2022\/02\/dufour-benjamin-db-logo.png\",\"width\":512,\"height\":512,\"caption\":\"Benjamin Dufour\"},\"image\":{\"@id\":\"https:\/\/dufourbenjamin.com\/music\/#\/schema\/logo\/image\/\"},\"sameAs\":[\"https:\/\/www.facebook.com\/bendufourmail\/\",\"https:\/\/www.instagram.com\/bdufour_design\/\",\"https:\/\/www.youtube.com\/user\/brainparadox\/\"]}]}<\/script>\n<!-- \/ Yoast SEO plugin. -->","yoast_head_json":{"title":"Design - Dufour Benjamin Music","robots":{"index":"index","follow":"follow","max-snippet":"max-snippet:-1","max-image-preview":"max-image-preview:large","max-video-preview":"max-video-preview:-1"},"canonical":"https:\/\/dufourbenjamin.com\/music\/design\/","og_locale":"fr_FR","og_type":"article","og_title":"Design - Dufour Benjamin Music","og_description":"Mobilier sur mesure &amp; design d&rsquo;int\u00e9rieur [yoast-breadcrumb] DESIGN WEBSITE Vous pouvez consulter l&rsquo;autre volet de ce site internet d\u00e9di\u00e9 au design et \u00e0 la fabrication de mobilier en suivant ce lien : Accueil","og_url":"https:\/\/dufourbenjamin.com\/music\/design\/","og_site_name":"Dufour Benjamin Music","article_publisher":"https:\/\/www.facebook.com\/bendufourmail\/","article_modified_time":"2025-01-22T20:10:06+00:00","og_image":[{"width":523,"height":940,"url":"https:\/\/dufourbenjamin.com\/music\/wp-content\/uploads\/sites\/3\/2024\/09\/dufour-benjamin-db-music-screenshot-design-web.jpg","type":"image\/jpeg"}],"twitter_misc":{"Dur\u00e9e de lecture estim\u00e9e":"1 minute"},"schema":{"@context":"https:\/\/schema.org","@graph":[{"@type":"WebPage","@id":"https:\/\/dufourbenjamin.com\/music\/design\/","url":"https:\/\/dufourbenjamin.com\/music\/design\/","name":"Design - Dufour Benjamin Music","isPartOf":{"@id":"https:\/\/dufourbenjamin.com\/music\/#website"},"primaryImageOfPage":{"@id":"https:\/\/dufourbenjamin.com\/music\/design\/#primaryimage"},"image":{"@id":"https:\/\/dufourbenjamin.com\/music\/design\/#primaryimage"},"thumbnailUrl":"https:\/\/dufourbenjamin.com\/music\/wp-content\/uploads\/sites\/3\/2024\/09\/dufour-benjamin-db-music-screenshot-design-web.jpg","datePublished":"2024-09-04T12:42:29+00:00","dateModified":"2025-01-22T20:10:06+00:00","breadcrumb":{"@id":"https:\/\/dufourbenjamin.com\/music\/design\/#breadcrumb"},"inLanguage":"fr-FR","potentialAction":[{"@type":"ReadAction","target":["https:\/\/dufourbenjamin.com\/music\/design\/"]}]},{"@type":"ImageObject","inLanguage":"fr-FR","@id":"https:\/\/dufourbenjamin.com\/music\/design\/#primaryimage","url":"https:\/\/dufourbenjamin.com\/music\/wp-content\/uploads\/sites\/3\/2024\/09\/dufour-benjamin-db-music-screenshot-design-web.jpg","contentUrl":"https:\/\/dufourbenjamin.com\/music\/wp-content\/uploads\/sites\/3\/2024\/09\/dufour-benjamin-db-music-screenshot-design-web.jpg","width":523,"height":940,"caption":"screenshot design website"},{"@type":"BreadcrumbList","@id":"https:\/\/dufourbenjamin.com\/music\/design\/#breadcrumb","itemListElement":[{"@type":"ListItem","position":1,"name":"Accueil","item":"https:\/\/dufourbenjamin.com\/music\/"},{"@type":"ListItem","position":2,"name":"Design"}]},{"@type":"WebSite","@id":"https:\/\/dufourbenjamin.com\/music\/#website","url":"https:\/\/dufourbenjamin.com\/music\/","name":"Dufour Benjamin Music","description":"recherches musicales et sonores","publisher":{"@id":"https:\/\/dufourbenjamin.com\/music\/#organization"},"potentialAction":[{"@type":"SearchAction","target":{"@type":"EntryPoint","urlTemplate":"https:\/\/dufourbenjamin.com\/music\/?s={search_term_string}"},"query-input":{"@type":"PropertyValueSpecification","valueRequired":true,"valueName":"search_term_string"}}],"inLanguage":"fr-FR"},{"@type":"Organization","@id":"https:\/\/dufourbenjamin.com\/music\/#organization","name":"Benjamin Dufour","url":"https:\/\/dufourbenjamin.com\/music\/","logo":{"@type":"ImageObject","inLanguage":"fr-FR","@id":"https:\/\/dufourbenjamin.com\/music\/#\/schema\/logo\/image\/","url":"https:\/\/dufourbenjamin.com\/artwork\/wp-content\/uploads\/sites\/3\/2022\/02\/dufour-benjamin-db-logo.png","contentUrl":"https:\/\/dufourbenjamin.com\/artwork\/wp-content\/uploads\/sites\/3\/2022\/02\/dufour-benjamin-db-logo.png","width":512,"height":512,"caption":"Benjamin Dufour"},"image":{"@id":"https:\/\/dufourbenjamin.com\/music\/#\/schema\/logo\/image\/"},"sameAs":["https:\/\/www.facebook.com\/bendufourmail\/","https:\/\/www.instagram.com\/bdufour_design\/","https:\/\/www.youtube.com\/user\/brainparadox\/"]}]}},"_links":{"self":[{"href":"https:\/\/dufourbenjamin.com\/music\/wp-json\/wp\/v2\/pages\/1506","targetHints":{"allow":["GET"]}}],"collection":[{"href":"https:\/\/dufourbenjamin.com\/music\/wp-json\/wp\/v2\/pages"}],"about":[{"href":"https:\/\/dufourbenjamin.com\/music\/wp-json\/wp\/v2\/types\/page"}],"author":[{"embeddable":true,"href":"https:\/\/dufourbenjamin.com\/music\/wp-json\/wp\/v2\/users\/1"}],"replies":[{"embeddable":true,"href":"https:\/\/dufourbenjamin.com\/music\/wp-json\/wp\/v2\/comments?post=1506"}],"version-history":[{"count":13,"href":"https:\/\/dufourbenjamin.com\/music\/wp-json\/wp\/v2\/pages\/1506\/revisions"}],"predecessor-version":[{"id":1526,"href":"https:\/\/dufourbenjamin.com\/music\/wp-json\/wp\/v2\/pages\/1506\/revisions\/1526"}],"wp:featuredmedia":[{"embeddable":true,"href":"https:\/\/dufourbenjamin.com\/music\/wp-json\/wp\/v2\/media\/1511"}],"wp:attachment":[{"href":"https:\/\/dufourbenjamin.com\/music\/wp-json\/wp\/v2\/media?parent=1506"}],"curies":[{"name":"wp","href":"https:\/\/api.w.org\/{rel}","templated":true}]}}