{"id":5321,"date":"2024-09-04T14:11:35","date_gmt":"2024-09-04T12:11:35","guid":{"rendered":"https:\/\/dufourbenjamin.com\/design\/?page_id=5321"},"modified":"2024-09-04T14:52:48","modified_gmt":"2024-09-04T12:52:48","slug":"music","status":"publish","type":"page","link":"https:\/\/dufourbenjamin.com\/design\/music\/","title":{"rendered":"Music"},"content":{"rendered":"\t\t<div data-elementor-type=\"wp-page\" data-elementor-id=\"5321\" class=\"elementor elementor-5321\">\n\t\t\t\t\t\t<section class=\"elementor-section elementor-top-section elementor-element elementor-element-6bc34a5d elementor-section-full_width elementor-section-height-default elementor-section-height-default\" data-id=\"6bc34a5d\" data-element_type=\"section\">\n\t\t\t\t\t\t<div class=\"elementor-container elementor-column-gap-default\">\n\t\t\t\t\t<div class=\"elementor-column elementor-col-100 elementor-top-column elementor-element elementor-element-4787d389\" data-id=\"4787d389\" data-element_type=\"column\">\n\t\t\t<div class=\"elementor-widget-wrap elementor-element-populated\">\n\t\t\t\t\t\t<div class=\"elementor-element elementor-element-74e58d51 elementor-widget elementor-widget-spacer\" data-id=\"74e58d51\" data-element_type=\"widget\" data-widget_type=\"spacer.default\">\n\t\t\t\t<div class=\"elementor-widget-container\">\n\t\t\t\t\t\t\t<div class=\"elementor-spacer\">\n\t\t\t<div class=\"elementor-spacer-inner\"><\/div>\n\t\t<\/div>\n\t\t\t\t\t\t<\/div>\n\t\t\t\t<\/div>\n\t\t\t\t\t<\/div>\n\t\t<\/div>\n\t\t\t\t\t<\/div>\n\t\t<\/section>\n\t\t\t\t<section class=\"elementor-section elementor-top-section elementor-element elementor-element-b055455 elementor-section-full_width elementor-section-content-top elementor-section-height-default elementor-section-height-default\" data-id=\"b055455\" data-element_type=\"section\" data-settings=\"{&quot;background_background&quot;:&quot;classic&quot;}\">\n\t\t\t\t\t\t<div class=\"elementor-container elementor-column-gap-default\">\n\t\t\t\t\t<div class=\"elementor-column elementor-col-50 elementor-top-column elementor-element elementor-element-a556edd\" data-id=\"a556edd\" data-element_type=\"column\" data-settings=\"{&quot;animation&quot;:&quot;none&quot;,&quot;animation_delay&quot;:200}\">\n\t\t\t<div class=\"elementor-widget-wrap elementor-element-populated\">\n\t\t\t\t\t\t<div class=\"elementor-element elementor-element-e7d0aa9 elementor-widget elementor-widget-image\" data-id=\"e7d0aa9\" data-element_type=\"widget\" data-widget_type=\"image.default\">\n\t\t\t\t<div class=\"elementor-widget-container\">\n\t\t\t\t\t\t\t\t\t\t\t\t\t\t\t\t<a href=\"https:\/\/www.dufourbenjamin.com\/music\">\n\t\t\t\t\t\t\t<img loading=\"lazy\" decoding=\"async\" width=\"523\" height=\"940\" src=\"https:\/\/dufourbenjamin.com\/design\/wp-content\/plugins\/native-lazyload\/assets\/images\/placeholder.svg\" class=\"attachment-large size-large wp-image-5324 native-lazyload-js-fallback\" alt=\"screenshot music website\" loading=\"lazy\" data-src=\"https:\/\/dufourbenjamin.com\/design\/wp-content\/uploads\/sites\/2\/2024\/09\/dufour-benjamin-db-music-screenshot-music-web.jpg\" data-srcset=\"https:\/\/dufourbenjamin.com\/design\/wp-content\/uploads\/sites\/2\/2024\/09\/dufour-benjamin-db-music-screenshot-music-web.jpg 523w, https:\/\/dufourbenjamin.com\/design\/wp-content\/uploads\/sites\/2\/2024\/09\/dufour-benjamin-db-music-screenshot-music-web-167x300.jpg 167w, https:\/\/dufourbenjamin.com\/design\/wp-content\/uploads\/sites\/2\/2024\/09\/dufour-benjamin-db-music-screenshot-music-web-500x899.jpg 500w, https:\/\/dufourbenjamin.com\/design\/wp-content\/uploads\/sites\/2\/2024\/09\/dufour-benjamin-db-music-screenshot-music-web-300x539.jpg 300w, https:\/\/dufourbenjamin.com\/design\/wp-content\/uploads\/sites\/2\/2024\/09\/dufour-benjamin-db-music-screenshot-music-web-150x270.jpg 150w, https:\/\/dufourbenjamin.com\/design\/wp-content\/uploads\/sites\/2\/2024\/09\/dufour-benjamin-db-music-screenshot-music-web-20x36.jpg 20w\" data-sizes=\"(max-width: 523px) 100vw, 523px\" \/>\t\t\t\t\t\t\t\t<\/a>\n\t\t\t\t\t\t\t\t\t\t\t\t\t\t\t<\/div>\n\t\t\t\t<\/div>\n\t\t\t\t<div class=\"elementor-element elementor-element-f7a918c elementor-widget elementor-widget-spacer\" data-id=\"f7a918c\" data-element_type=\"widget\" data-widget_type=\"spacer.default\">\n\t\t\t\t<div class=\"elementor-widget-container\">\n\t\t\t\t\t\t\t<div class=\"elementor-spacer\">\n\t\t\t<div class=\"elementor-spacer-inner\"><\/div>\n\t\t<\/div>\n\t\t\t\t\t\t<\/div>\n\t\t\t\t<\/div>\n\t\t\t\t\t<\/div>\n\t\t<\/div>\n\t\t\t\t<div class=\"elementor-column elementor-col-50 elementor-top-column elementor-element elementor-element-b8175ac\" data-id=\"b8175ac\" data-element_type=\"column\" data-settings=\"{&quot;animation&quot;:&quot;none&quot;,&quot;animation_delay&quot;:100}\">\n\t\t\t<div class=\"elementor-widget-wrap elementor-element-populated\">\n\t\t\t\t\t\t<div class=\"elementor-element elementor-element-bda50aa elementor-widget elementor-widget-text-editor\" data-id=\"bda50aa\" data-element_type=\"widget\" data-widget_type=\"text-editor.default\">\n\t\t\t\t<div class=\"elementor-widget-container\">\n\t\t\t\t\t\t\t\t\t<h6>Activit\u00e9s artistiques, sonores et musicales<\/h6>\t\t\t\t\t\t\t\t<\/div>\n\t\t\t\t<\/div>\n\t\t\t\t<div class=\"elementor-element elementor-element-e665cee elementor-hidden-desktop elementor-hidden-tablet elementor-hidden-mobile elementor-widget elementor-widget-shortcode\" data-id=\"e665cee\" data-element_type=\"widget\" data-widget_type=\"shortcode.default\">\n\t\t\t\t<div class=\"elementor-widget-container\">\n\t\t\t\t\t\t\t<div class=\"elementor-shortcode\"><div class=\"breadcrumb\" itemprop=\"breadcrumb\"><span><span><a href=\"https:\/\/dufourbenjamin.com\/design\/\">Accueil<\/a><\/span><\/span><\/div><\/div>\n\t\t\t\t\t\t<\/div>\n\t\t\t\t<\/div>\n\t\t\t\t<div class=\"elementor-element elementor-element-59681dc elementor-widget elementor-widget-heading\" data-id=\"59681dc\" data-element_type=\"widget\" data-widget_type=\"heading.default\">\n\t\t\t\t<div class=\"elementor-widget-container\">\n\t\t\t\t\t<h2 class=\"elementor-heading-title elementor-size-default\">MUSIC WEBSITE<\/h2>\t\t\t\t<\/div>\n\t\t\t\t<\/div>\n\t\t\t\t<div class=\"elementor-element elementor-element-b8780bb elementor-widget elementor-widget-spacer\" data-id=\"b8780bb\" data-element_type=\"widget\" data-widget_type=\"spacer.default\">\n\t\t\t\t<div class=\"elementor-widget-container\">\n\t\t\t\t\t\t\t<div class=\"elementor-spacer\">\n\t\t\t<div class=\"elementor-spacer-inner\"><\/div>\n\t\t<\/div>\n\t\t\t\t\t\t<\/div>\n\t\t\t\t<\/div>\n\t\t\t\t<div class=\"elementor-element elementor-element-5e94e0f elementor-widget elementor-widget-text-editor\" data-id=\"5e94e0f\" data-element_type=\"widget\" data-widget_type=\"text-editor.default\">\n\t\t\t\t<div class=\"elementor-widget-container\">\n\t\t\t\t\t\t\t\t\t<p>Vous pouvez consulter l&rsquo;autre volet de ce site internet d\u00e9di\u00e9 aux activit\u00e9s musicales de Benjamin Dufour et du Bart Dador Studio en suivant ce lien :<\/p>\t\t\t\t\t\t\t\t<\/div>\n\t\t\t\t<\/div>\n\t\t\t\t<div class=\"elementor-element elementor-element-39dd512 elementor-widget elementor-widget-spacer\" data-id=\"39dd512\" data-element_type=\"widget\" data-widget_type=\"spacer.default\">\n\t\t\t\t<div class=\"elementor-widget-container\">\n\t\t\t\t\t\t\t<div class=\"elementor-spacer\">\n\t\t\t<div class=\"elementor-spacer-inner\"><\/div>\n\t\t<\/div>\n\t\t\t\t\t\t<\/div>\n\t\t\t\t<\/div>\n\t\t\t\t<div class=\"elementor-element elementor-element-155b5dee elementor-align-left elementor-widget elementor-widget-button\" data-id=\"155b5dee\" data-element_type=\"widget\" data-widget_type=\"button.default\">\n\t\t\t\t<div class=\"elementor-widget-container\">\n\t\t\t\t\t\t\t\t\t<div class=\"elementor-button-wrapper\">\n\t\t\t\t\t<a class=\"elementor-button elementor-button-link elementor-size-sm\" href=\"https:\/\/www.dufourbenjamin.com\/music\">\n\t\t\t\t\t\t<span class=\"elementor-button-content-wrapper\">\n\t\t\t\t\t\t\t\t\t<span class=\"elementor-button-text\">https:\/\/www.dufourbenjamin.com\/music<\/span>\n\t\t\t\t\t<\/span>\n\t\t\t\t\t<\/a>\n\t\t\t\t<\/div>\n\t\t\t\t\t\t\t\t<\/div>\n\t\t\t\t<\/div>\n\t\t\t\t\t<\/div>\n\t\t<\/div>\n\t\t\t\t\t<\/div>\n\t\t<\/section>\n\t\t\t\t<section class=\"elementor-section elementor-top-section elementor-element elementor-element-584f48ae elementor-section-full_width elementor-section-height-default elementor-section-height-default\" data-id=\"584f48ae\" data-element_type=\"section\">\n\t\t\t\t\t\t<div class=\"elementor-container elementor-column-gap-default\">\n\t\t\t\t\t<div class=\"elementor-column elementor-col-100 elementor-top-column elementor-element elementor-element-600564fe\" data-id=\"600564fe\" data-element_type=\"column\">\n\t\t\t<div class=\"elementor-widget-wrap elementor-element-populated\">\n\t\t\t\t\t\t<div class=\"elementor-element elementor-element-23b8eb77 elementor-widget elementor-widget-spacer\" data-id=\"23b8eb77\" data-element_type=\"widget\" data-widget_type=\"spacer.default\">\n\t\t\t\t<div class=\"elementor-widget-container\">\n\t\t\t\t\t\t\t<div class=\"elementor-spacer\">\n\t\t\t<div class=\"elementor-spacer-inner\"><\/div>\n\t\t<\/div>\n\t\t\t\t\t\t<\/div>\n\t\t\t\t<\/div>\n\t\t\t\t\t<\/div>\n\t\t<\/div>\n\t\t\t\t\t<\/div>\n\t\t<\/section>\n\t\t\t\t<\/div>\n\t\t","protected":false},"excerpt":{"rendered":"<p>Activit\u00e9s artistiques, sonores et musicales MUSIC WEBSITE Vous pouvez consulter l&rsquo;autre volet de ce site internet d\u00e9di\u00e9 aux activit\u00e9s musicales de Benjamin Dufour et du Bart Dador Studio en suivant ce lien : https:\/\/www.dufourbenjamin.com\/music<\/p>\n","protected":false},"author":1,"featured_media":5324,"parent":0,"menu_order":0,"comment_status":"closed","ping_status":"closed","template":"","meta":{"footnotes":""},"class_list":["post-5321","page","type-page","status-publish","has-post-thumbnail","hentry"],"yoast_head":"<!-- This site is optimized with the Yoast SEO plugin v26.7 - https:\/\/yoast.com\/wordpress\/plugins\/seo\/ -->\n<title>Music - Dufour Benjamin Design<\/title>\n<meta name=\"description\" content=\"En apprendre plus \u00e0 propos de Benjamin Dufour : son parcours et sa pratique du design mobilier ou du design d&#039;espace.\" \/>\n<meta name=\"robots\" content=\"index, follow, max-snippet:-1, max-image-preview:large, max-video-preview:-1\" \/>\n<link rel=\"canonical\" href=\"https:\/\/dufourbenjamin.com\/design\/music\/\" \/>\n<meta property=\"og:locale\" content=\"fr_FR\" \/>\n<meta property=\"og:type\" content=\"article\" \/>\n<meta property=\"og:title\" content=\"Music - Dufour Benjamin Design\" \/>\n<meta property=\"og:description\" content=\"En apprendre plus \u00e0 propos de Benjamin Dufour : son parcours et sa pratique du design mobilier ou du design d&#039;espace.\" \/>\n<meta property=\"og:url\" content=\"https:\/\/dufourbenjamin.com\/design\/music\/\" \/>\n<meta property=\"og:site_name\" content=\"Dufour Benjamin Design\" \/>\n<meta property=\"article:publisher\" content=\"https:\/\/www.facebook.com\/bendufourmail\/\" \/>\n<meta property=\"article:modified_time\" content=\"2024-09-04T12:52:48+00:00\" \/>\n<meta property=\"og:image\" content=\"https:\/\/dufourbenjamin.com\/design\/wp-content\/uploads\/sites\/2\/2022\/02\/site-a-propos-thumb.jpg\" \/>\n\t<meta property=\"og:image:width\" content=\"558\" \/>\n\t<meta property=\"og:image:height\" content=\"372\" \/>\n\t<meta property=\"og:image:type\" content=\"image\/jpeg\" \/>\n<meta name=\"twitter:label1\" content=\"Dur\u00e9e de lecture estim\u00e9e\" \/>\n\t<meta name=\"twitter:data1\" content=\"2 minutes\" \/>\n<script type=\"application\/ld+json\" class=\"yoast-schema-graph\">{\"@context\":\"https:\/\/schema.org\",\"@graph\":[{\"@type\":[\"WebPage\",\"AboutPage\"],\"@id\":\"https:\/\/dufourbenjamin.com\/design\/music\/\",\"url\":\"https:\/\/dufourbenjamin.com\/design\/music\/\",\"name\":\"Music - Dufour Benjamin Design\",\"isPartOf\":{\"@id\":\"https:\/\/dufourbenjamin.com\/design\/#website\"},\"primaryImageOfPage\":{\"@id\":\"https:\/\/dufourbenjamin.com\/design\/music\/#primaryimage\"},\"image\":{\"@id\":\"https:\/\/dufourbenjamin.com\/design\/music\/#primaryimage\"},\"thumbnailUrl\":\"https:\/\/dufourbenjamin.com\/design\/wp-content\/uploads\/sites\/2\/2024\/09\/dufour-benjamin-db-music-screenshot-music-web.jpg\",\"datePublished\":\"2024-09-04T12:11:35+00:00\",\"dateModified\":\"2024-09-04T12:52:48+00:00\",\"description\":\"En apprendre plus \u00e0 propos de Benjamin Dufour : son parcours et sa pratique du design mobilier ou du design d'espace.\",\"breadcrumb\":{\"@id\":\"https:\/\/dufourbenjamin.com\/design\/music\/#breadcrumb\"},\"inLanguage\":\"fr-FR\",\"potentialAction\":[{\"@type\":\"ReadAction\",\"target\":[\"https:\/\/dufourbenjamin.com\/design\/music\/\"]}]},{\"@type\":\"ImageObject\",\"inLanguage\":\"fr-FR\",\"@id\":\"https:\/\/dufourbenjamin.com\/design\/music\/#primaryimage\",\"url\":\"https:\/\/dufourbenjamin.com\/design\/wp-content\/uploads\/sites\/2\/2024\/09\/dufour-benjamin-db-music-screenshot-music-web.jpg\",\"contentUrl\":\"https:\/\/dufourbenjamin.com\/design\/wp-content\/uploads\/sites\/2\/2024\/09\/dufour-benjamin-db-music-screenshot-music-web.jpg\",\"width\":523,\"height\":940,\"caption\":\"screenshot music website\"},{\"@type\":\"BreadcrumbList\",\"@id\":\"https:\/\/dufourbenjamin.com\/design\/music\/#breadcrumb\",\"itemListElement\":[{\"@type\":\"ListItem\",\"position\":1,\"name\":\"Accueil\",\"item\":\"https:\/\/dufourbenjamin.com\/design\/\"},{\"@type\":\"ListItem\",\"position\":2,\"name\":\"Music\"}]},{\"@type\":\"WebSite\",\"@id\":\"https:\/\/dufourbenjamin.com\/design\/#website\",\"url\":\"https:\/\/dufourbenjamin.com\/design\/\",\"name\":\"Dufour Benjamin Design\",\"description\":\"mobilier sur mesure &amp; design d&#039;int\u00e9rieur\",\"publisher\":{\"@id\":\"https:\/\/dufourbenjamin.com\/design\/#organization\"},\"potentialAction\":[{\"@type\":\"SearchAction\",\"target\":{\"@type\":\"EntryPoint\",\"urlTemplate\":\"https:\/\/dufourbenjamin.com\/design\/?s={search_term_string}\"},\"query-input\":{\"@type\":\"PropertyValueSpecification\",\"valueRequired\":true,\"valueName\":\"search_term_string\"}}],\"inLanguage\":\"fr-FR\"},{\"@type\":\"Organization\",\"@id\":\"https:\/\/dufourbenjamin.com\/design\/#organization\",\"name\":\"Benjamin Dufour\",\"url\":\"https:\/\/dufourbenjamin.com\/design\/\",\"logo\":{\"@type\":\"ImageObject\",\"inLanguage\":\"fr-FR\",\"@id\":\"https:\/\/dufourbenjamin.com\/design\/#\/schema\/logo\/image\/\",\"url\":\"http:\/\/dufourbenjamin.com\/design\/wp-content\/uploads\/sites\/2\/2022\/01\/dufour-benjamin-db-logo.png\",\"contentUrl\":\"http:\/\/dufourbenjamin.com\/design\/wp-content\/uploads\/sites\/2\/2022\/01\/dufour-benjamin-db-logo.png\",\"width\":512,\"height\":512,\"caption\":\"Benjamin Dufour\"},\"image\":{\"@id\":\"https:\/\/dufourbenjamin.com\/design\/#\/schema\/logo\/image\/\"},\"sameAs\":[\"https:\/\/www.facebook.com\/bendufourmail\/\",\"https:\/\/www.instagram.com\/bdufour_design\/\",\"https:\/\/www.youtube.com\/user\/brainparadox\/\"]}]}<\/script>\n<!-- \/ Yoast SEO plugin. -->","yoast_head_json":{"title":"Music - Dufour Benjamin Design","description":"En apprendre plus \u00e0 propos de Benjamin Dufour : son parcours et sa pratique du design mobilier ou du design d'espace.","robots":{"index":"index","follow":"follow","max-snippet":"max-snippet:-1","max-image-preview":"max-image-preview:large","max-video-preview":"max-video-preview:-1"},"canonical":"https:\/\/dufourbenjamin.com\/design\/music\/","og_locale":"fr_FR","og_type":"article","og_title":"Music - Dufour Benjamin Design","og_description":"En apprendre plus \u00e0 propos de Benjamin Dufour : son parcours et sa pratique du design mobilier ou du design d'espace.","og_url":"https:\/\/dufourbenjamin.com\/design\/music\/","og_site_name":"Dufour Benjamin Design","article_publisher":"https:\/\/www.facebook.com\/bendufourmail\/","article_modified_time":"2024-09-04T12:52:48+00:00","og_image":[{"width":558,"height":372,"url":"https:\/\/dufourbenjamin.com\/design\/wp-content\/uploads\/sites\/2\/2022\/02\/site-a-propos-thumb.jpg","type":"image\/jpeg"}],"twitter_misc":{"Dur\u00e9e de lecture estim\u00e9e":"2 minutes"},"schema":{"@context":"https:\/\/schema.org","@graph":[{"@type":["WebPage","AboutPage"],"@id":"https:\/\/dufourbenjamin.com\/design\/music\/","url":"https:\/\/dufourbenjamin.com\/design\/music\/","name":"Music - Dufour Benjamin Design","isPartOf":{"@id":"https:\/\/dufourbenjamin.com\/design\/#website"},"primaryImageOfPage":{"@id":"https:\/\/dufourbenjamin.com\/design\/music\/#primaryimage"},"image":{"@id":"https:\/\/dufourbenjamin.com\/design\/music\/#primaryimage"},"thumbnailUrl":"https:\/\/dufourbenjamin.com\/design\/wp-content\/uploads\/sites\/2\/2024\/09\/dufour-benjamin-db-music-screenshot-music-web.jpg","datePublished":"2024-09-04T12:11:35+00:00","dateModified":"2024-09-04T12:52:48+00:00","description":"En apprendre plus \u00e0 propos de Benjamin Dufour : son parcours et sa pratique du design mobilier ou du design d'espace.","breadcrumb":{"@id":"https:\/\/dufourbenjamin.com\/design\/music\/#breadcrumb"},"inLanguage":"fr-FR","potentialAction":[{"@type":"ReadAction","target":["https:\/\/dufourbenjamin.com\/design\/music\/"]}]},{"@type":"ImageObject","inLanguage":"fr-FR","@id":"https:\/\/dufourbenjamin.com\/design\/music\/#primaryimage","url":"https:\/\/dufourbenjamin.com\/design\/wp-content\/uploads\/sites\/2\/2024\/09\/dufour-benjamin-db-music-screenshot-music-web.jpg","contentUrl":"https:\/\/dufourbenjamin.com\/design\/wp-content\/uploads\/sites\/2\/2024\/09\/dufour-benjamin-db-music-screenshot-music-web.jpg","width":523,"height":940,"caption":"screenshot music website"},{"@type":"BreadcrumbList","@id":"https:\/\/dufourbenjamin.com\/design\/music\/#breadcrumb","itemListElement":[{"@type":"ListItem","position":1,"name":"Accueil","item":"https:\/\/dufourbenjamin.com\/design\/"},{"@type":"ListItem","position":2,"name":"Music"}]},{"@type":"WebSite","@id":"https:\/\/dufourbenjamin.com\/design\/#website","url":"https:\/\/dufourbenjamin.com\/design\/","name":"Dufour Benjamin Design","description":"mobilier sur mesure &amp; design d&#039;int\u00e9rieur","publisher":{"@id":"https:\/\/dufourbenjamin.com\/design\/#organization"},"potentialAction":[{"@type":"SearchAction","target":{"@type":"EntryPoint","urlTemplate":"https:\/\/dufourbenjamin.com\/design\/?s={search_term_string}"},"query-input":{"@type":"PropertyValueSpecification","valueRequired":true,"valueName":"search_term_string"}}],"inLanguage":"fr-FR"},{"@type":"Organization","@id":"https:\/\/dufourbenjamin.com\/design\/#organization","name":"Benjamin Dufour","url":"https:\/\/dufourbenjamin.com\/design\/","logo":{"@type":"ImageObject","inLanguage":"fr-FR","@id":"https:\/\/dufourbenjamin.com\/design\/#\/schema\/logo\/image\/","url":"http:\/\/dufourbenjamin.com\/design\/wp-content\/uploads\/sites\/2\/2022\/01\/dufour-benjamin-db-logo.png","contentUrl":"http:\/\/dufourbenjamin.com\/design\/wp-content\/uploads\/sites\/2\/2022\/01\/dufour-benjamin-db-logo.png","width":512,"height":512,"caption":"Benjamin Dufour"},"image":{"@id":"https:\/\/dufourbenjamin.com\/design\/#\/schema\/logo\/image\/"},"sameAs":["https:\/\/www.facebook.com\/bendufourmail\/","https:\/\/www.instagram.com\/bdufour_design\/","https:\/\/www.youtube.com\/user\/brainparadox\/"]}]}},"_links":{"self":[{"href":"https:\/\/dufourbenjamin.com\/design\/wp-json\/wp\/v2\/pages\/5321","targetHints":{"allow":["GET"]}}],"collection":[{"href":"https:\/\/dufourbenjamin.com\/design\/wp-json\/wp\/v2\/pages"}],"about":[{"href":"https:\/\/dufourbenjamin.com\/design\/wp-json\/wp\/v2\/types\/page"}],"author":[{"embeddable":true,"href":"https:\/\/dufourbenjamin.com\/design\/wp-json\/wp\/v2\/users\/1"}],"replies":[{"embeddable":true,"href":"https:\/\/dufourbenjamin.com\/design\/wp-json\/wp\/v2\/comments?post=5321"}],"version-history":[{"count":19,"href":"https:\/\/dufourbenjamin.com\/design\/wp-json\/wp\/v2\/pages\/5321\/revisions"}],"predecessor-version":[{"id":5347,"href":"https:\/\/dufourbenjamin.com\/design\/wp-json\/wp\/v2\/pages\/5321\/revisions\/5347"}],"wp:featuredmedia":[{"embeddable":true,"href":"https:\/\/dufourbenjamin.com\/design\/wp-json\/wp\/v2\/media\/5324"}],"wp:attachment":[{"href":"https:\/\/dufourbenjamin.com\/design\/wp-json\/wp\/v2\/media?parent=5321"}],"curies":[{"name":"wp","href":"https:\/\/api.w.org\/{rel}","templated":true}]}}